{"id":969,"date":"2025-07-13T10:20:52","date_gmt":"2025-07-13T10:20:52","guid":{"rendered":"https:\/\/coiffeur-wandelbar.ch\/?page_id=969"},"modified":"2025-07-13T10:59:05","modified_gmt":"2025-07-13T10:59:05","slug":"braut-hochzeitsservice","status":"publish","type":"page","link":"https:\/\/coiffeur-wandelbar.ch\/?page_id=969","title":{"rendered":"Braut &amp; hochzeitsservice"},"content":{"rendered":"\t\t<div data-elementor-type=\"wp-page\" data-elementor-id=\"969\" class=\"elementor elementor-969\" data-elementor-post-type=\"page\">\n\t\t\t\t<div class=\"elementor-element elementor-element-50453f98 e-flex e-con-boxed e-con e-parent\" data-id=\"50453f98\" data-element_type=\"container\" data-e-type=\"container\">\n\t\t\t\t\t<div class=\"e-con-inner\">\n\t\t\t\t<div class=\"elementor-element elementor-element-1f8f2978 elementor-widget elementor-widget-heading\" data-id=\"1f8f2978\" data-element_type=\"widget\" data-e-type=\"widget\" data-widget_type=\"heading.default\">\n\t\t\t\t<div class=\"elementor-widget-container\">\n\t\t\t\t\t<h2 class=\"elementor-heading-title elementor-size-default\">Braut &amp; Hochzeits Services<\/h2>\t\t\t\t<\/div>\n\t\t\t\t<\/div>\n\t\t\t\t\t<\/div>\n\t\t\t\t<\/div>\n\t\t<div class=\"elementor-element elementor-element-35ff5836 e-con-full e-flex e-con e-parent\" data-id=\"35ff5836\" data-element_type=\"container\" data-e-type=\"container\" data-settings=\"{&quot;background_background&quot;:&quot;classic&quot;}\">\n\t\t\t\t<\/div>\n\t\t<div class=\"elementor-element elementor-element-69ed3c2e e-con-full e-flex e-con e-parent\" data-id=\"69ed3c2e\" data-element_type=\"container\" data-e-type=\"container\" data-settings=\"{&quot;background_background&quot;:&quot;classic&quot;}\">\n\t\t\t\t<div class=\"elementor-element elementor-element-570e6fe2 elementor-widget__width-initial elementor-widget elementor-widget-text-editor\" data-id=\"570e6fe2\" data-element_type=\"widget\" data-e-type=\"widget\" data-widget_type=\"text-editor.default\">\n\t\t\t\t<div class=\"elementor-widget-container\">\n\t\t\t\t\t\t\t\t\t<p>Liebe zuk\u00fcnftige Braut.\u00a0<\/p><p>Ich freue mich sehr, dass du zu Salon Wa.ndelbar gefunden hast.\u00a0<\/p><p>Dein gro\u00dfer Tag steht an und du w\u00fcnschst dir einen sch\u00f6nen entspannten Start in diesen besonderen Tag. Ich habe genau das richtige f\u00fcr dich. Denn hier bei mir im Salon, bist du ganz allein f\u00fcr dich, du genie\u00dft etwas Ruhe und Entspannung daf\u00fcr sorge ich hier. Gerne d\u00fcrfen deine Begleitung und diese die sich auch Stylen lassen m\u00f6chten mit kommen. Du bestimmst wie du deine Atmosph\u00e4re haben m\u00f6chtest an diesem Tag.\u00a0<\/p><p>Ich freue mich sehr darauf dich ein kleines st\u00fcck begleiten zu d\u00fcrfen.\u00a0<\/p>\t\t\t\t\t\t\t\t<\/div>\n\t\t\t\t<\/div>\n\t\t\t\t<\/div>\n\t\t<div class=\"elementor-element elementor-element-14644ee4 e-con-full e-flex e-con e-parent\" data-id=\"14644ee4\" data-element_type=\"container\" data-e-type=\"container\" data-settings=\"{&quot;background_background&quot;:&quot;classic&quot;}\">\n\t\t\t\t<div class=\"elementor-element elementor-element-5282da9 elementor-widget elementor-widget-image\" data-id=\"5282da9\" data-element_type=\"widget\" data-e-type=\"widget\" data-widget_type=\"image.default\">\n\t\t\t\t<div class=\"elementor-widget-container\">\n\t\t\t\t\t\t\t\t\t\t\t\t\t\t\t<img fetchpriority=\"high\" decoding=\"async\" width=\"1440\" height=\"2560\" src=\"https:\/\/coiffeur-wandelbar.ch\/wp-content\/uploads\/2025\/07\/Preisliste-Kopie-1-min-scaled.png\" class=\"attachment-full size-full wp-image-982\" alt=\"\" srcset=\"https:\/\/coiffeur-wandelbar.ch\/wp-content\/uploads\/2025\/07\/Preisliste-Kopie-1-min-scaled.png 1440w, https:\/\/coiffeur-wandelbar.ch\/wp-content\/uploads\/2025\/07\/Preisliste-Kopie-1-min-169x300.png 169w, https:\/\/coiffeur-wandelbar.ch\/wp-content\/uploads\/2025\/07\/Preisliste-Kopie-1-min-576x1024.png 576w, https:\/\/coiffeur-wandelbar.ch\/wp-content\/uploads\/2025\/07\/Preisliste-Kopie-1-min-768x1365.png 768w, https:\/\/coiffeur-wandelbar.ch\/wp-content\/uploads\/2025\/07\/Preisliste-Kopie-1-min-864x1536.png 864w, https:\/\/coiffeur-wandelbar.ch\/wp-content\/uploads\/2025\/07\/Preisliste-Kopie-1-min-1152x2048.png 1152w\" sizes=\"(max-width: 1440px) 100vw, 1440px\" \/>\t\t\t\t\t\t\t\t\t\t\t\t\t\t\t<\/div>\n\t\t\t\t<\/div>\n\t\t\t\t<div class=\"elementor-element elementor-element-50b5688 elementor-widget elementor-widget-image\" data-id=\"50b5688\" data-element_type=\"widget\" data-e-type=\"widget\" data-widget_type=\"image.default\">\n\t\t\t\t<div class=\"elementor-widget-container\">\n\t\t\t\t\t\t\t\t\t\t\t\t\t\t\t<img decoding=\"async\" width=\"1440\" height=\"2560\" src=\"https:\/\/coiffeur-wandelbar.ch\/wp-content\/uploads\/2025\/07\/Preisliste-Kopie-2-min-scaled.png\" class=\"attachment-full size-full wp-image-981\" alt=\"\" srcset=\"https:\/\/coiffeur-wandelbar.ch\/wp-content\/uploads\/2025\/07\/Preisliste-Kopie-2-min-scaled.png 1440w, https:\/\/coiffeur-wandelbar.ch\/wp-content\/uploads\/2025\/07\/Preisliste-Kopie-2-min-169x300.png 169w, https:\/\/coiffeur-wandelbar.ch\/wp-content\/uploads\/2025\/07\/Preisliste-Kopie-2-min-576x1024.png 576w, https:\/\/coiffeur-wandelbar.ch\/wp-content\/uploads\/2025\/07\/Preisliste-Kopie-2-min-768x1365.png 768w, https:\/\/coiffeur-wandelbar.ch\/wp-content\/uploads\/2025\/07\/Preisliste-Kopie-2-min-864x1536.png 864w, https:\/\/coiffeur-wandelbar.ch\/wp-content\/uploads\/2025\/07\/Preisliste-Kopie-2-min-1152x2048.png 1152w\" sizes=\"(max-width: 1440px) 100vw, 1440px\" \/>\t\t\t\t\t\t\t\t\t\t\t\t\t\t\t<\/div>\n\t\t\t\t<\/div>\n\t\t\t\t<\/div>\n\t\t<div class=\"elementor-element elementor-element-6a663100 e-flex e-con-boxed e-con e-parent\" data-id=\"6a663100\" data-element_type=\"container\" data-e-type=\"container\">\n\t\t\t\t\t<div class=\"e-con-inner\">\n\t\t\t\t<div class=\"elementor-element elementor-element-15f0caed elementor-align-center elementor-widget__width-initial elementor-widget elementor-widget-button\" data-id=\"15f0caed\" data-element_type=\"widget\" data-e-type=\"widget\" data-widget_type=\"button.default\">\n\t\t\t\t<div class=\"elementor-widget-container\">\n\t\t\t\t\t\t\t\t\t<div class=\"elementor-button-wrapper\">\n\t\t\t\t\t<a class=\"elementor-button elementor-button-link elementor-size-sm elementor-animation-grow\" href=\"https:\/\/www.studiobookr.com\/wa-ndelbar-71627#\/\" target=\"_blank\" rel=\"noopener\">\n\t\t\t\t\t\t<span class=\"elementor-button-content-wrapper\">\n\t\t\t\t\t\t\t\t\t<span class=\"elementor-button-text\">Buche deinen Termin<\/span>\n\t\t\t\t\t<\/span>\n\t\t\t\t\t<\/a>\n\t\t\t\t<\/div>\n\t\t\t\t\t\t\t\t<\/div>\n\t\t\t\t<\/div>\n\t\t\t\t\t<\/div>\n\t\t\t\t<\/div>\n\t\t\t\t<\/div>\n\t\t","protected":false},"excerpt":{"rendered":"<p>Braut &amp; Hochzeits Services Liebe zuk\u00fcnftige Braut.\u00a0 Ich freue mich sehr, dass du zu Salon Wa.ndelbar gefunden hast.\u00a0 Dein gro\u00dfer [&hellip;]<\/p>\n","protected":false},"author":1,"featured_media":0,"parent":0,"menu_order":0,"comment_status":"closed","ping_status":"closed","template":"elementor_canvas","meta":{"site-sidebar-layout":"no-sidebar","site-content-layout":"","ast-site-content-layout":"full-width-container","site-content-style":"default","site-sidebar-style":"default","ast-global-header-display":"","ast-banner-title-visibility":"","ast-main-header-display":"","ast-hfb-above-header-display":"","ast-hfb-below-header-display":"","ast-hfb-mobile-header-display":"","site-post-title":"disabled","ast-breadcrumbs-content":"","ast-featured-img":"disabled","footer-sml-layout":"","ast-disable-related-posts":"","theme-transparent-header-meta":"","adv-header-id-meta":"","stick-header-meta":"","header-above-stick-meta":"","header-main-stick-meta":"","header-below-stick-meta":"","astra-migrate-meta-layouts":"default","ast-page-background-enabled":"default","ast-page-background-meta":{"desktop":{"background-color":"var(--ast-global-color-4)","background-image":"","background-repeat":"repeat","background-position":"center center","background-size":"auto","background-attachment":"scroll","background-type":"","background-media":"","overlay-type":"","overlay-color":"","overlay-opacity":"","overlay-gradient":""},"tablet":{"background-color":"","background-image":"","background-repeat":"repeat","background-position":"center center","background-size":"auto","background-attachment":"scroll","background-type":"","background-media":"","overlay-type":"","overlay-color":"","overlay-opacity":"","overlay-gradient":""},"mobile":{"background-color":"","background-image":"","background-repeat":"repeat","background-position":"center center","background-size":"auto","background-attachment":"scroll","background-type":"","background-media":"","overlay-type":"","overlay-color":"","overlay-opacity":"","overlay-gradient":""}},"ast-content-background-meta":{"desktop":{"background-color":"var(--ast-global-color-5)","background-image":"","background-repeat":"repeat","background-position":"center center","background-size":"auto","background-attachment":"scroll","background-type":"","background-media":"","overlay-type":"","overlay-color":"","overlay-opacity":"","overlay-gradient":""},"tablet":{"background-color":"var(--ast-global-color-5)","background-image":"","background-repeat":"repeat","background-position":"center center","background-size":"auto","background-attachment":"scroll","background-type":"","background-media":"","overlay-type":"","overlay-color":"","overlay-opacity":"","overlay-gradient":""},"mobile":{"background-color":"var(--ast-global-color-5)","background-image":"","background-repeat":"repeat","background-position":"center center","background-size":"auto","background-attachment":"scroll","background-type":"","background-media":"","overlay-type":"","overlay-color":"","overlay-opacity":"","overlay-gradient":""}},"footnotes":""},"class_list":["post-969","page","type-page","status-publish","hentry"],"_links":{"self":[{"href":"https:\/\/coiffeur-wandelbar.ch\/index.php?rest_route=\/wp\/v2\/pages\/969","targetHints":{"allow":["GET"]}}],"collection":[{"href":"https:\/\/coiffeur-wandelbar.ch\/index.php?rest_route=\/wp\/v2\/pages"}],"about":[{"href":"https:\/\/coiffeur-wandelbar.ch\/index.php?rest_route=\/wp\/v2\/types\/page"}],"author":[{"embeddable":true,"href":"https:\/\/coiffeur-wandelbar.ch\/index.php?rest_route=\/wp\/v2\/users\/1"}],"replies":[{"embeddable":true,"href":"https:\/\/coiffeur-wandelbar.ch\/index.php?rest_route=%2Fwp%2Fv2%2Fcomments&post=969"}],"version-history":[{"count":28,"href":"https:\/\/coiffeur-wandelbar.ch\/index.php?rest_route=\/wp\/v2\/pages\/969\/revisions"}],"predecessor-version":[{"id":1007,"href":"https:\/\/coiffeur-wandelbar.ch\/index.php?rest_route=\/wp\/v2\/pages\/969\/revisions\/1007"}],"wp:attachment":[{"href":"https:\/\/coiffeur-wandelbar.ch\/index.php?rest_route=%2Fwp%2Fv2%2Fmedia&parent=969"}],"curies":[{"name":"wp","href":"https:\/\/api.w.org\/{rel}","templated":true}]}}