{"id":543,"date":"2024-12-01T16:21:11","date_gmt":"2024-12-01T16:21:11","guid":{"rendered":"https:\/\/coiffeur-wandelbar.ch\/?page_id=543"},"modified":"2025-01-18T18:48:56","modified_gmt":"2025-01-18T18:48:56","slug":"datenschutzerklaerung","status":"publish","type":"page","link":"https:\/\/coiffeur-wandelbar.ch\/?page_id=543","title":{"rendered":"Datenschutzerkl\u00e4rung"},"content":{"rendered":"\t\t<div data-elementor-type=\"wp-page\" data-elementor-id=\"543\" class=\"elementor elementor-543\" data-elementor-post-type=\"page\">\n\t\t\t\t<div class=\"elementor-element elementor-element-131c47fd e-flex e-con-boxed e-con e-parent\" data-id=\"131c47fd\" data-element_type=\"container\" data-e-type=\"container\">\n\t\t\t\t\t<div class=\"e-con-inner\">\n\t\t\t\t<div class=\"elementor-element elementor-element-4c7b8a1d elementor-widget elementor-widget-text-editor\" data-id=\"4c7b8a1d\" data-element_type=\"widget\" data-e-type=\"widget\" data-widget_type=\"text-editor.default\">\n\t\t\t\t<div class=\"elementor-widget-container\">\n\t\t\t\t\t\t\t\t\t\n\n\n\n\n\n\t\t\t\t\t\t\t\t<\/div>\n\t\t\t\t<\/div>\n\t\t\t\t\t<\/div>\n\t\t\t\t<\/div>\n\t\t<div class=\"elementor-element elementor-element-c5064ae e-flex e-con-boxed e-con e-parent\" data-id=\"c5064ae\" data-element_type=\"container\" data-e-type=\"container\">\n\t\t\t\t\t<div class=\"e-con-inner\">\n\t\t<div class=\"elementor-element elementor-element-8be9530 e-con-full e-flex e-con e-child\" data-id=\"8be9530\" data-element_type=\"container\" data-e-type=\"container\">\n\t\t\t\t<div class=\"elementor-element elementor-element-7bfe91b elementor-widget elementor-widget-heading\" data-id=\"7bfe91b\" data-element_type=\"widget\" data-e-type=\"widget\" data-widget_type=\"heading.default\">\n\t\t\t\t<div class=\"elementor-widget-container\">\n\t\t\t\t\t<h2 class=\"elementor-heading-title elementor-size-default\">Datenschutzerkl\u00e4rung<\/h2>\t\t\t\t<\/div>\n\t\t\t\t<\/div>\n\t\t\t\t<\/div>\n\t\t<div class=\"elementor-element elementor-element-aa49c25 e-con-full e-flex e-con e-child\" data-id=\"aa49c25\" data-element_type=\"container\" data-e-type=\"container\">\n\t\t\t\t<div class=\"elementor-element elementor-element-18758ab elementor-widget__width-initial elementor-widget-tablet_extra__width-initial elementor-widget elementor-widget-heading\" data-id=\"18758ab\" data-element_type=\"widget\" data-e-type=\"widget\" data-widget_type=\"heading.default\">\n\t\t\t\t<div class=\"elementor-widget-container\">\n\t\t\t\t\t<h2 class=\"elementor-heading-title elementor-size-default\">Vertrauen ist wertvoll. Vor allem dann, wenn personenbezogene Daten verarbeitet werden. Deshalb bearbeite ich deine Angaben nur unter Ber\u00fccksichtigung der Grunds\u00e4tze des Datenschutzes. Bei wa.ndelbar Coiffeur halte  ich die schweizerischen gesetzlichen Vorschriften zum&nbsp;Datenschutz&nbsp;ein und richte mich nach den Grunds\u00e4tzen der neuen Datenschutz-Grundverordnung&nbsp;der Europ\u00e4ischen Union.<\/h2>\t\t\t\t<\/div>\n\t\t\t\t<\/div>\n\t\t\t\t<\/div>\n\t\t<div class=\"elementor-element elementor-element-76c7665 e-con-full e-flex e-con e-child\" data-id=\"76c7665\" data-element_type=\"container\" data-e-type=\"container\">\n\t\t\t\t<div class=\"elementor-element elementor-element-25302ca elementor-widget elementor-widget-text-editor\" data-id=\"25302ca\" data-element_type=\"widget\" data-e-type=\"widget\" data-widget_type=\"text-editor.default\">\n\t\t\t\t<div class=\"elementor-widget-container\">\n\t\t\t\t\t\t\t\t\t<div class=\"section section--side section--two\">\n<div class=\"desk\">\n<div id=\"_15cfa270-5566-4bc3-bc7b-c91287cf0d38\" class=\"area side\">\n<div id=\"_6601262c-9b92-44a3-a75e-4ad701fabbed\" class=\"unit unit note wide pure\" data-folding-open=\"fold--open\" data-folding-closed=\"fold--closed\">\n<div class=\"body\">\n<div class=\"part text tall\">\n<div class=\"text-section text-section--h4\">\n<h4>\u00a0<\/h4>\n<\/div>\n<\/div>\n<\/div>\n<\/div>\n<\/div>\n<\/div>\n<\/div>\n<div class=\"section section--east section--four\">\n<div class=\"desk\">\n<div id=\"e8d2ff78-92ee-4780-95c6-50bf29c11f33\" class=\"area east\">\n<div id=\"_58912d63-516e-41b4-8991-644b0f6f3b6d\" class=\"unit unit note wide seam\" data-folding-open=\"fold--open\" data-folding-closed=\"fold--closed\">\n<div class=\"head\">\u00a0<\/div>\n<div class=\"body\">\n<div class=\"part text tiny\">\n<div class=\"text-section text-section--h3\">\n<h3><strong>Pers\u00f6nliche Daten<\/strong><\/h3>\n<\/div>\n<\/div>\n<div class=\"part text tall\">\n<div class=\"text-section text-section--p text-section--norm\">\n<p class=\"norm\">Bei einem Besuch dieser Website erheben wir keine personenbezogenen Daten von dir. Personenbezogene Daten werden nur erhoben, wenn du uns diese selbst \u00fcber unser Kontaktformular sendest. Diese Daten werden ausschliesslich zur Beantwortung deines Anliegens genutzt und danach wieder gel\u00f6scht.<\/p>\n<\/div>\n<\/div>\n<\/div>\n<div class=\"foot\">\u00a0<\/div>\n<\/div>\n<div id=\"_56bc508e-d9ab-47ca-892b-e15d6929c191\" class=\"unit unit note slim seam\" data-folding-open=\"fold--open\" data-folding-closed=\"fold--closed\">\n<div class=\"head\">\u00a0<\/div>\n<div class=\"body\">\n<div class=\"part text tiny\">\n<div class=\"text-section text-section--h3\">\n<h3><strong>Verwendung von Cookies<\/strong><\/h3>\n<\/div>\n<\/div>\n<div class=\"part text tall\">\n<div class=\"text-section text-section--p text-section--norm\">\n<p class=\"norm\">Beim Aufruf bestimmter Seiten wird ein sogenanntes \u00abSession-Cookie\u00bb gesetzt. Hierbei handelt es sich um eine kleine Textdatei, die nach Ende der Browser-Sitzung automatisch wieder von deinem Computer gel\u00f6scht wird. Diese Datei dient ausschliesslich dazu, bestimmte Applikationen nutzen zu k\u00f6nnen. Du kannst bei den meisten Webbrowsern die Einstellungen so \u00e4ndern, dass dein Browser neue Cookies nicht akzeptiert, oder du kannst die erhaltenen Cookies l\u00f6schen lassen. Wie dies konkret f\u00fcr deinen Browser funktioniert, kannst du in der Regel \u00fcber dessen Hilfe-Funktion herausfinden.<\/p>\n<\/div>\n<\/div>\n<\/div>\n<div class=\"foot\">\u00a0<\/div>\n<\/div>\n<div id=\"d90424ec-47ad-4984-8058-011c79fbb98f\" class=\"unit unit note slim seam\" data-folding-open=\"fold--open\" data-folding-closed=\"fold--closed\">\n<div class=\"head\">\u00a0<\/div>\n<div class=\"body\">\n<div class=\"part text tiny\">\n<div class=\"text-section text-section--h3\">\n<h3><strong>Google Analytics<\/strong><\/h3>\n<\/div>\n<\/div>\n<div class=\"part text tall\">\n<div class=\"text-section text-section--p text-section--norm\">\n<p class=\"norm\">Wir verwenden fu\u0308r die Auswertung der Besucherzahlen auf unserer Website den Dienst\u00a0Google-Analytics\u00a0mit einer IP-Anonymisierungsfunktion. Deine IP-Adresse wird in diesem Fall von Google geku\u0308rzt und dadurch anonymisiert, womit kein Ru\u0308ckschluss auf eine*n Besucher*in mehr mo\u0308glich ist. Die zugrundeliegenden Aufzeichnungen zu deinem Besuch auf unserer Website werden nach 26 Monaten automatisch gelo\u0308scht. Du kannst die Aufzeichnung dieser Daten verhindern, indem du ein\u00a0<a class=\"open\" title=\"https:\/\/tools.google.com\/dlpage\/gaoptout\" href=\"https:\/\/tools.google.com\/dlpage\/gaoptout\" target=\"_blank\" rel=\"noopener\" data-cb-uuid=\"7ad91ae0-8376-4eff-8d67-45c4a9475b9c\" data-cb-type=\"CBWebReference\">Browser-Addon<\/a> installierst und somit die ku\u0308nftige Bearbeitung ablehnst.<\/p>\n<\/div>\n<\/div>\n<\/div>\n<\/div>\n<div id=\"c5be85b3-8777-4569-8910-02d26493f3b3\" class=\"unit unit note slim seam\" data-folding-open=\"fold--open\" data-folding-closed=\"fold--closed\">\n<div class=\"foot\">\u00a0<\/div>\n<\/div>\n<div id=\"b04fdfc9-d64d-4dd3-a91f-64d725cef748\" class=\"unit unit note slim seam\" data-folding-open=\"fold--open\" data-folding-closed=\"fold--closed\">\n<div class=\"head\">\u00a0<\/div>\n<div class=\"body\">\n<div class=\"part text tiny\">\n<div class=\"text-section text-section--h3\">\n<h3><strong>Deine Rechte<\/strong><\/h3>\n<\/div>\n<\/div>\n<div class=\"part text tall\">\n<div class=\"text-section text-section--p text-section--norm\">\n<p class=\"norm\">Dir stehen grunds\u00e4tzlich die Rechte auf Auskunft, Berichtigung, L\u00f6schung, Einschr\u00e4nkung, Daten\u00fcbertragbarkeit, Widerruf und Widerspruch zu. Wenn du glaubst, dass die Verarbeitung deiner Daten gegen das Datenschutzrecht verst\u00f6sst oder deine datenschutzrechtlichen Anspr\u00fcche sonst in einer Weise verletzt worden sind, kannst du dich bei der Aufsichtsbeh\u00f6rde beschweren.<\/p>\n<p>Du erreichst uns unter folgenden Kontaktdaten:<\/p>\n<\/div>\n<p>Wa.ndelbar Coiffeur<br \/>Staatsstrasse 6<br \/>3653 Oberhofen am Thunersee<br \/>Schweiz<br \/>E-Mail:\u00a0<a href=\"mailto:a-c-weber@web.de\" target=\"_blank\" rel=\"noopener noreferrer\">a-c-weber@web.de<\/a><br \/>Tel.: +41 78 318 22 43<\/p>\n<\/div>\n<\/div>\n<\/div>\n<\/div>\n<\/div>\n<\/div>\t\t\t\t\t\t\t\t<\/div>\n\t\t\t\t<\/div>\n\t\t\t\t<\/div>\n\t\t\t\t\t<\/div>\n\t\t\t\t<\/div>\n\t\t\t\t<\/div>\n\t\t","protected":false},"excerpt":{"rendered":"<p>Datenschutzerkl\u00e4rung Vertrauen ist wertvoll. Vor allem dann, wenn personenbezogene Daten verarbeitet werden. Deshalb bearbeite ich deine Angaben nur unter Ber\u00fccksichtigung [&hellip;]<\/p>\n","protected":false},"author":1,"featured_media":0,"parent":0,"menu_order":0,"comment_status":"closed","ping_status":"closed","template":"","meta":{"site-sidebar-layout":"no-sidebar","site-content-layout":"","ast-site-content-layout":"full-width-container","site-content-style":"default","site-sidebar-style":"default","ast-global-header-display":"","ast-banner-title-visibility":"","ast-main-header-display":"","ast-hfb-above-header-display":"","ast-hfb-below-header-display":"","ast-hfb-mobile-header-display":"","site-post-title":"disabled","ast-breadcrumbs-content":"","ast-featured-img":"disabled","footer-sml-layout":"","ast-disable-related-posts":"","theme-transparent-header-meta":"","adv-header-id-meta":"","stick-header-meta":"","header-above-stick-meta":"","header-main-stick-meta":"","header-below-stick-meta":"","astra-migrate-meta-layouts":"default","ast-page-background-enabled":"default","ast-page-background-meta":{"desktop":{"background-color":"var(--ast-global-color-4)","background-image":"","background-repeat":"repeat","background-position":"center center","background-size":"auto","background-attachment":"scroll","background-type":"","background-media":"","overlay-type":"","overlay-color":"","overlay-opacity":"","overlay-gradient":""},"tablet":{"background-color":"","background-image":"","background-repeat":"repeat","background-position":"center center","background-size":"auto","background-attachment":"scroll","background-type":"","background-media":"","overlay-type":"","overlay-color":"","overlay-opacity":"","overlay-gradient":""},"mobile":{"background-color":"","background-image":"","background-repeat":"repeat","background-position":"center center","background-size":"auto","background-attachment":"scroll","background-type":"","background-media":"","overlay-type":"","overlay-color":"","overlay-opacity":"","overlay-gradient":""}},"ast-content-background-meta":{"desktop":{"background-color":"var(--ast-global-color-5)","background-image":"","background-repeat":"repeat","background-position":"center center","background-size":"auto","background-attachment":"scroll","background-type":"","background-media":"","overlay-type":"","overlay-color":"","overlay-opacity":"","overlay-gradient":""},"tablet":{"background-color":"var(--ast-global-color-5)","background-image":"","background-repeat":"repeat","background-position":"center center","background-size":"auto","background-attachment":"scroll","background-type":"","background-media":"","overlay-type":"","overlay-color":"","overlay-opacity":"","overlay-gradient":""},"mobile":{"background-color":"var(--ast-global-color-5)","background-image":"","background-repeat":"repeat","background-position":"center center","background-size":"auto","background-attachment":"scroll","background-type":"","background-media":"","overlay-type":"","overlay-color":"","overlay-opacity":"","overlay-gradient":""}},"footnotes":""},"class_list":["post-543","page","type-page","status-publish","hentry"],"_links":{"self":[{"href":"https:\/\/coiffeur-wandelbar.ch\/index.php?rest_route=\/wp\/v2\/pages\/543","targetHints":{"allow":["GET"]}}],"collection":[{"href":"https:\/\/coiffeur-wandelbar.ch\/index.php?rest_route=\/wp\/v2\/pages"}],"about":[{"href":"https:\/\/coiffeur-wandelbar.ch\/index.php?rest_route=\/wp\/v2\/types\/page"}],"author":[{"embeddable":true,"href":"https:\/\/coiffeur-wandelbar.ch\/index.php?rest_route=\/wp\/v2\/users\/1"}],"replies":[{"embeddable":true,"href":"https:\/\/coiffeur-wandelbar.ch\/index.php?rest_route=%2Fwp%2Fv2%2Fcomments&post=543"}],"version-history":[{"count":0,"href":"https:\/\/coiffeur-wandelbar.ch\/index.php?rest_route=\/wp\/v2\/pages\/543\/revisions"}],"wp:attachment":[{"href":"https:\/\/coiffeur-wandelbar.ch\/index.php?rest_route=%2Fwp%2Fv2%2Fmedia&parent=543"}],"curies":[{"name":"wp","href":"https:\/\/api.w.org\/{rel}","templated":true}]}}